{"id":1073,"date":"2010-06-15T20:31:14","date_gmt":"2010-06-15T18:31:14","guid":{"rendered":"http:\/\/deti.casd.cz\/?page_id=1073"},"modified":"2010-10-19T20:43:45","modified_gmt":"2010-10-19T18:43:45","slug":"hry","status":"publish","type":"page","link":"https:\/\/deti.casd.cz\/?page_id=1073","title":{"rendered":"Hry"},"content":{"rendered":"<p><span style=\"font-size: medium;\"><strong><span style=\"color: #800080;\">1. Hra &#8211; kimovka<\/span><\/strong><\/span><\/p>\n<p><a href=\"http:\/\/deti.casd.cz\/wp-content\/uploads\/2010\/06\/4446.jpg\" rel=\"lightbox[1073]\"><img loading=\"lazy\" decoding=\"async\" class=\"alignleft size-thumbnail wp-image-1081\" title=\"4446\" src=\"http:\/\/deti.casd.cz\/wp-content\/uploads\/2010\/06\/4446-150x150.jpg\" alt=\"\" width=\"150\" height=\"150\" \/><\/a><\/p>\n<p>Ur\u010dit\u011b si na ni vzpom\u00edn\u00e1te, tady m\u00e1te nachyst\u00e1no 19 zv\u00ed\u0159at, kter\u00e1 d\u011btem uka\u017ete ide\u00e1ln\u011b p\u0159es projektor, nebo notebook a pak je nechte vzpom\u00ednat, kter\u00e1 ta zv\u00ed\u0159\u00e1tka vlastn\u011b vid\u011bli.<\/p>\n<p><a href=\"http:\/\/deti.casd.cz\/wp-content\/uploads\/2010\/06\/kimovka.ppt\"><span style=\"font-size: medium;\"><span style=\"color: #800080;\">kimovka<\/span><\/span><\/a><span style=\"font-size: medium;\"><span style=\"color: #800080;\">\u00a0&#8211; ke sta\u017een\u00ed v\u00a0 powerpointu<\/span><\/span><\/p>\n<p><span style=\"font-size: medium;\"><strong><span style=\"color: #800080;\">\u00a0<\/span><\/strong><\/span><\/p>\n<p><span style=\"font-size: medium;\"><strong><span style=\"color: #800080;\">\u00a0<\/span><\/strong><\/span><\/p>\n<p><span style=\"font-size: medium;\"><strong><span style=\"color: #800080;\">\u00a0<\/span><\/strong><\/span><\/p>\n<p><span style=\"font-size: medium;\"><strong><span style=\"color: #800080;\">2. Hra &#8211; p\u0159esmy\u010dky<\/span><\/strong><\/span><\/p>\n<p><span style=\"font-size: medium;\"><strong><span style=\"color: #800080;\">\u00a0<\/span><\/strong><\/span><a href=\"http:\/\/deti.casd.cz\/wp-content\/uploads\/2010\/06\/l4650_2.jpg\" rel=\"lightbox[1073]\"><img loading=\"lazy\" decoding=\"async\" class=\"alignleft size-thumbnail wp-image-1082\" title=\"l4650_2\" src=\"http:\/\/deti.casd.cz\/wp-content\/uploads\/2010\/06\/l4650_2-150x150.jpg\" alt=\"\" width=\"150\" height=\"150\" \/><\/a>\u00a0\u00a0\u00a0\u00a0\u00a0\u00a0\u00a0\u00a0\u00a0\u00a0\u00a0\u00a0\u00a0\u00a0\u00a0\u00a0\u00a0\u00a0\u00a0\u00a0\u00a0\u00a0\u00a0\u00a0\u00a0\u00a0\u00a0\u00a0\u00a0\u00a0\u00a0\u00a0\u00a0\u00a0\u00a0\u00a0\u00a0\u00a0\u00a0\u00a0\u00a0\u00a0\u00a0\u00a0\u00a0\u00a0\u00a0\u00a0\u00a0\u00a0 Hra pro d\u011bti, kter\u00e9 u\u017e um\u00ed \u010d\u00edst. Je zde n\u011bkolik jmen, jejich\u017e p\u00edsmenka jsou \u00fapln\u011b zp\u0159eh\u00e1zen\u00e1&#8230;Uh\u00e1dnete, kdo je to \u00c1\u0160ILE?<\/p>\n<p><a href=\"http:\/\/deti.casd.cz\/wp-content\/uploads\/2010\/06\/p\u0159esmy\u010dky.ppt\"><span style=\"color: #800080;\"><span style=\"font-size: medium;\">p\u0159esmy\u010dky<\/span><\/span><\/a><span style=\"color: #800080;\"><span style=\"font-size: medium;\">\u00a0&#8211; ke sta\u017een\u00ed\u00a0v powerpointu<\/span><\/span><\/p>\n<p><span style=\"color: #800080;\"><span style=\"font-size: medium;\"><strong>\u00a0<\/strong><\/span><\/span><\/p>\n<p><span style=\"color: #800080;\"><span style=\"font-size: medium;\"><strong>\u00a0<\/strong><\/span><\/span><\/p>\n<p><span style=\"color: #800080;\"><span style=\"font-size: medium;\"><strong>\u00a0<\/strong><\/span><\/span><\/p>\n<p><span style=\"color: #800080;\"><span style=\"font-size: medium;\"><strong>3. Hra &#8211; p\u00edsni\u010dka Halelu<\/strong><\/span><\/span><\/p>\n<p><span style=\"color: #800080;\"><span style=\"font-size: medium;\">\u00a0<\/span><\/span><\/p>\n<p><a href=\"http:\/\/deti.casd.cz\/wp-content\/uploads\/2010\/06\/1273.jpg\" rel=\"lightbox[1073]\"><img loading=\"lazy\" decoding=\"async\" class=\"alignleft size-thumbnail wp-image-1083\" title=\"1273\" src=\"http:\/\/deti.casd.cz\/wp-content\/uploads\/2010\/06\/1273-150x150.jpg\" alt=\"\" width=\"150\" height=\"150\" \/><\/a>My tuto p\u00edsni\u010dku, zp\u00edv\u00e1me na za\u010d\u00e1tku \u0161kolky, d\u011bti se rozd\u011bl\u00ed na dv\u011b skupiny a st\u0159\u00eddav\u011b vst\u00e1vaj\u00ed a sedaj\u00ed, podle toho, kdo zrovna zp\u00edv\u00e1.\u00a0 Tato p\u00edsni\u010dkov\u00e1 hra se d\u00e1 zp\u00edvat (hr\u00e1t) i s hodn\u011b mal\u00fdmi d\u011btmi. S t\u011bmi v\u011bt\u0161\u00edmi m\u016f\u017eete zp\u00edvat dal\u0161\u00ed sloky v jin\u00fdch jazyc\u00edch.<\/p>\n<p><a href=\"http:\/\/deti.casd.cz\/wp-content\/uploads\/2010\/06\/Halelu.ppt\"><span style=\"color: #800080;\"><span style=\"font-size: medium;\">Halelu<\/span><\/span><\/a><span style=\"color: #800080;\"><span style=\"font-size: medium;\">\u00a0&#8211; ke sta\u017een\u00ed v powerpointu<\/span><\/span><\/p>\n<p><span style=\"color: #800080;\"><span style=\"font-size: medium;\">\u00a0<\/span><\/span><\/p>\n<p><span style=\"color: #800080;\"><span style=\"font-size: medium;\">\u00a0<\/span><\/span><\/p>\n<p><span style=\"color: #800080;\"><span style=\"font-size: medium;\"><strong>4. Hra &#8211; Stvo\u0159en\u00ed <\/strong><\/span><\/span><\/p>\n<p><span style=\"color: #800080;\"><span style=\"font-size: medium;\"><strong><span style=\"font-size: medium;\"><span style=\"color: #800080;\"><span style=\"color: #800080;\"><span style=\"font-size: medium;\"><span style=\"font-size: medium;\"><span style=\"color: #800080;\"><span style=\"font-size: x-small;\"><span style=\"color: #000000;\"><span style=\"color: #800080;\"><span style=\"font-size: medium;\"><span style=\"font-size: medium;\"><span style=\"color: #800080;\"><span style=\"font-size: x-small;\"><span style=\"color: #000000;\"><span style=\"font-size: medium;\"><span style=\"color: #800080;\"><a href=\"http:\/\/deti.casd.cz\/wp-content\/uploads\/2010\/06\/Zem-Slnko-Mesiac.jpg\" rel=\"lightbox[1073]\"><img loading=\"lazy\" decoding=\"async\" class=\"alignleft size-thumbnail wp-image-1228\" title=\"Zem-Slnko-Mesiac\" src=\"http:\/\/deti.casd.cz\/wp-content\/uploads\/2010\/06\/Zem-Slnko-Mesiac-150x150.jpg\" alt=\"\" width=\"150\" height=\"150\" \/><\/a><\/span><\/span><\/span><\/span><\/span><\/span><\/span><\/span><\/span><\/span><\/span><\/span><\/span><\/span><\/span><\/span><\/strong><\/span><\/span><\/p>\n<p><span style=\"color: #800080;\"><span style=\"font-size: medium;\"><span style=\"font-size: medium;\"><span style=\"color: #800080;\"><span style=\"font-size: x-small;\"><span style=\"color: #000000;\">\u00a0<\/span><\/span><\/span><\/span><\/span><\/span><\/p>\n<p><span style=\"color: #800080;\"><span style=\"font-size: medium;\"><span style=\"font-size: medium;\"><span style=\"color: #800080;\"><span style=\"font-size: x-small;\"><span style=\"color: #000000;\">Vyzkou\u0161ejte si pomoc\u00ed jednoduch\u00e9ho kv\u00edzu, jestli p\u0159i\u0159ad\u00edte spr\u00e1vn\u011b, kter\u00fd den bylo co stvo\u0159eno.<\/span><\/span><\/span><\/span><\/span><\/span><\/p>\n<p><span style=\"color: #800080;\"><span style=\"font-size: medium;\"><span style=\"font-size: medium;\"><span style=\"color: #800080;\"><span style=\"font-size: x-small;\"><span style=\"color: #000000;\"><span style=\"color: #800080;\"><span style=\"font-size: medium;\"><span style=\"font-size: medium;\"><span style=\"color: #800080;\"><span style=\"font-size: x-small;\"><span style=\"color: #000000;\"><span style=\"font-size: medium;\"><span style=\"color: #800080;\"><a href=\"http:\/\/deti.casd.cz\/wp-content\/uploads\/2010\/06\/Zem-Slnko-Mesiac.jpg\" rel=\"lightbox[1073]\"><\/a><\/span><\/span><\/span><\/span><\/span><\/span><\/span><\/span><\/span><\/span><\/span><\/span><\/span><\/span><\/p>\n<p><span style=\"color: #800080;\"><span style=\"font-size: medium;\"><span style=\"font-size: medium;\"><span style=\"color: #800080;\"><span style=\"font-size: x-small;\"><span style=\"color: #000000;\">Kdy\u00a0<a href=\"http:\/\/deti.casd.cz\/wp-content\/uploads\/2010\/06\/Kdy-to-bylo-stvo\u0159eno.pps\">to bylo stvo\u0159eno<\/a>&#8211; ke sta\u017een\u00ed v powerpointu<\/span><\/span><\/span><\/span><\/span><\/span><span style=\"color: #800080;\"><span style=\"font-size: medium;\"><span style=\"font-size: medium;\"><span style=\"color: #800080;\"><span style=\"font-size: x-small;\"><span style=\"color: #000000;\"><span style=\"font-size: medium;\"><span style=\"color: #800080;\"><a href=\"http:\/\/deti.casd.cz\/wp-content\/uploads\/2010\/06\/Zem-Slnko-Mesiac.jpg\" rel=\"lightbox[1073]\"><\/a><\/span><\/span><\/span><\/span><\/span><\/span><\/span><\/span><\/p>\n<p><span style=\"color: #800080;\"><span style=\"font-size: medium;\"><span style=\"font-size: medium;\"><span style=\"color: #800080;\"><span style=\"font-size: x-small;\"><span style=\"color: #000000;\">\u00a0<\/span><\/span><\/span><\/span><\/span><\/span><\/p>\n<p><span style=\"color: #800080;\"><span style=\"font-size: medium;\"><span style=\"font-size: medium;\"><span style=\"color: #800080;\"><span style=\"font-size: x-small;\"><span style=\"color: #000000;\">\u00a0<\/span><\/span><\/span><\/span><\/span><\/span><\/p>\n<p><span style=\"color: #800080;\"><span style=\"font-size: medium;\"><span style=\"font-size: medium;\"><span style=\"color: #800080;\"><span style=\"font-size: x-small;\"><span style=\"color: #000000;\">\u00a0<\/span><\/span><\/span><\/span><\/span><\/span><\/p>\n<p><span style=\"color: #800080;\"><span style=\"font-size: medium;\"><span style=\"font-size: medium;\"><span style=\"color: #800080;\"><span style=\"font-size: x-small;\"><span style=\"color: #000000;\">\u00a0<\/span><\/span><\/span><\/span><\/span><\/span><\/p>\n<p><span style=\"color: #800080;\"><span style=\"font-size: medium;\"><span style=\"font-size: medium;\"><span style=\"color: #800080;\"><span style=\"font-size: x-small;\"><span style=\"color: #000000;\">\u00a0<\/span><\/span><\/span><\/span><\/span><\/span><\/p>\n","protected":false},"excerpt":{"rendered":"<p>1. Hra &#8211; kimovka Ur\u010dit\u011b si na ni vzpom\u00edn\u00e1te, tady m\u00e1te nachyst\u00e1no 19 zv\u00ed\u0159at, kter\u00e1 d\u011btem uka\u017ete ide\u00e1ln\u011b p\u0159es projektor, nebo notebook a pak je nechte vzpom\u00ednat, kter\u00e1 ta zv\u00ed\u0159\u00e1tka vlastn\u011b vid\u011bli. kimovka\u00a0&#8211; ke sta\u017een\u00ed v\u00a0 powerpointu \u00a0 \u00a0 \u00a0 2. Hra &#8211; p\u0159esmy\u010dky \u00a0\u00a0\u00a0\u00a0\u00a0\u00a0\u00a0\u00a0\u00a0\u00a0\u00a0\u00a0\u00a0\u00a0\u00a0\u00a0\u00a0\u00a0\u00a0\u00a0\u00a0\u00a0\u00a0\u00a0\u00a0\u00a0\u00a0\u00a0\u00a0\u00a0\u00a0\u00a0\u00a0\u00a0\u00a0\u00a0\u00a0\u00a0\u00a0\u00a0\u00a0\u00a0\u00a0\u00a0\u00a0\u00a0\u00a0\u00a0\u00a0\u00a0\u00a0 Hra pro d\u011bti, kter\u00e9 u\u017e um\u00ed \u010d\u00edst. Je zde n\u011bkolik &hellip; <\/p>\n<p><a class=\"more-link btn\" href=\"https:\/\/deti.casd.cz\/?page_id=1073\">Pokra\u010dovat ve \u010dten\u00ed<\/a><\/p>\n","protected":false},"author":1,"featured_media":0,"parent":856,"menu_order":0,"comment_status":"closed","ping_status":"closed","template":"","meta":{"ngg_post_thumbnail":0,"footnotes":""},"class_list":["post-1073","page","type-page","status-publish","hentry","nodate","item-wrap"],"_links":{"self":[{"href":"https:\/\/deti.casd.cz\/index.php?rest_route=\/wp\/v2\/pages\/1073","targetHints":{"allow":["GET"]}}],"collection":[{"href":"https:\/\/deti.casd.cz\/index.php?rest_route=\/wp\/v2\/pages"}],"about":[{"href":"https:\/\/deti.casd.cz\/index.php?rest_route=\/wp\/v2\/types\/page"}],"author":[{"embeddable":true,"href":"https:\/\/deti.casd.cz\/index.php?rest_route=\/wp\/v2\/users\/1"}],"replies":[{"embeddable":true,"href":"https:\/\/deti.casd.cz\/index.php?rest_route=%2Fwp%2Fv2%2Fcomments&post=1073"}],"version-history":[{"count":8,"href":"https:\/\/deti.casd.cz\/index.php?rest_route=\/wp\/v2\/pages\/1073\/revisions"}],"predecessor-version":[{"id":1078,"href":"https:\/\/deti.casd.cz\/index.php?rest_route=\/wp\/v2\/pages\/1073\/revisions\/1078"}],"up":[{"embeddable":true,"href":"https:\/\/deti.casd.cz\/index.php?rest_route=\/wp\/v2\/pages\/856"}],"wp:attachment":[{"href":"https:\/\/deti.casd.cz\/index.php?rest_route=%2Fwp%2Fv2%2Fmedia&parent=1073"}],"curies":[{"name":"wp","href":"https:\/\/api.w.org\/{rel}","templated":true}]}}