{"id":1104,"date":"2010-09-07T20:40:46","date_gmt":"2010-09-07T18:40:46","guid":{"rendered":"http:\/\/deti.casd.cz\/?page_id=1104"},"modified":"2010-09-07T20:51:10","modified_gmt":"2010-09-07T18:51:10","slug":"provazky-5","status":"publish","type":"page","link":"https:\/\/deti.casd.cz\/?page_id=1104","title":{"rendered":"Prov\u00e1zky 5"},"content":{"rendered":"<p><a href=\"http:\/\/deti.casd.cz\/wp-content\/uploads\/2010\/09\/01_Prvn\u00ed-mrakodrap1.doc\">1 Prvn\u00ed mrakodrap<\/a><\/p>\n<p><a href=\"http:\/\/deti.casd.cz\/wp-content\/uploads\/2010\/09\/02_Dalek\u00e1-cesta.doc\">2 Dalek\u00e1 cesta<\/a><\/p>\n<p><a href=\"http:\/\/deti.casd.cz\/wp-content\/uploads\/2010\/09\/03_Zachr\u00e1nce-Abram.doc\">3 Zachr\u00e1nce Abram<\/a><\/p>\n<p><a href=\"http:\/\/deti.casd.cz\/wp-content\/uploads\/2010\/09\/04_Nebesk\u00e1-n\u00e1v\u0161t\u011bva.doc\">4 Nebesk\u00e1 n\u00e1v\u0161t\u011bva<\/a><\/p>\n<p><a href=\"http:\/\/deti.casd.cz\/wp-content\/uploads\/2010\/09\/05_Samuel-se-p\u0159imlouv\u00e1-za-Boha.doc\">5 Samuel se p\u0159imlouv\u00e1 za Boha<\/a><\/p>\n<p><a href=\"http:\/\/deti.casd.cz\/wp-content\/uploads\/2010\/09\/06_P\u00e1n-B\u016fh-vyhr\u00e1v\u00e1.doc\">6 P\u00e1n B\u016fh vyhr\u00e1v\u00e1<\/a><\/p>\n<p><a href=\"http:\/\/deti.casd.cz\/wp-content\/uploads\/2010\/09\/07_Lev-a-medv\u011bd.doc\">7 Lev a medv\u011bd<\/a><\/p>\n<p><a href=\"http:\/\/deti.casd.cz\/wp-content\/uploads\/2010\/09\/08_P\u00e1n-B\u016fh-znovu-vyhr\u00e1v\u00e1.doc\">8 P\u00e1n B\u016fh znovu vyhr\u00e1v\u00e1<\/a><\/p>\n<p><a href=\"http:\/\/deti.casd.cz\/wp-content\/uploads\/2010\/09\/09_Sk\u00e1la-a-p\u00edsek.doc\">9 Sk\u00e1la a p\u00edsek<\/a><\/p>\n<p><a href=\"http:\/\/deti.casd.cz\/wp-content\/uploads\/2010\/09\/10_Mrtv\u00ed-nebo-\u017eiv\u00ed.doc\">10 Mrtv\u00ed nebo \u017eiv\u00ed<\/a><\/p>\n<p><a href=\"http:\/\/deti.casd.cz\/wp-content\/uploads\/2010\/09\/11_Kde-je-t\u011bch-dev\u011bt.doc\">11 Kde je t\u011bch dev\u011bt<\/a><\/p>\n<p><a href=\"http:\/\/deti.casd.cz\/wp-content\/uploads\/2010\/09\/12_Z\u00e1\u0159iv\u00e9-sv\u011btlo.doc\">12 Z\u00e1\u0159iv\u00e9 sv\u011btlo<\/a><\/p>\n<p><a href=\"http:\/\/deti.casd.cz\/wp-content\/uploads\/2010\/09\/13_Hosanna.doc\">13 Hosanna!<\/a><\/p>\n<p><a href=\"http:\/\/deti.casd.cz\/wp-content\/uploads\/2010\/09\/aktivity_u.doc\">St\u00e1hnout obr\u00e1zky<\/a><\/p>\n","protected":false},"excerpt":{"rendered":"<p>1 Prvn\u00ed mrakodrap 2 Dalek\u00e1 cesta 3 Zachr\u00e1nce Abram 4 Nebesk\u00e1 n\u00e1v\u0161t\u011bva 5 Samuel se p\u0159imlouv\u00e1 za Boha 6 P\u00e1n B\u016fh vyhr\u00e1v\u00e1 7 Lev a medv\u011bd 8 P\u00e1n B\u016fh znovu vyhr\u00e1v\u00e1 9 Sk\u00e1la a p\u00edsek 10 Mrtv\u00ed nebo \u017eiv\u00ed 11 Kde je t\u011bch dev\u011bt 12 Z\u00e1\u0159iv\u00e9 sv\u011btlo 13 Hosanna! St\u00e1hnout obr\u00e1zky<\/p>\n","protected":false},"author":1,"featured_media":0,"parent":51,"menu_order":0,"comment_status":"closed","ping_status":"closed","template":"","meta":{"ngg_post_thumbnail":0,"footnotes":""},"class_list":["post-1104","page","type-page","status-publish","hentry","nodate","item-wrap"],"_links":{"self":[{"href":"https:\/\/deti.casd.cz\/index.php?rest_route=\/wp\/v2\/pages\/1104","targetHints":{"allow":["GET"]}}],"collection":[{"href":"https:\/\/deti.casd.cz\/index.php?rest_route=\/wp\/v2\/pages"}],"about":[{"href":"https:\/\/deti.casd.cz\/index.php?rest_route=\/wp\/v2\/types\/page"}],"author":[{"embeddable":true,"href":"https:\/\/deti.casd.cz\/index.php?rest_route=\/wp\/v2\/users\/1"}],"replies":[{"embeddable":true,"href":"https:\/\/deti.casd.cz\/index.php?rest_route=%2Fwp%2Fv2%2Fcomments&post=1104"}],"version-history":[{"count":3,"href":"https:\/\/deti.casd.cz\/index.php?rest_route=\/wp\/v2\/pages\/1104\/revisions"}],"predecessor-version":[{"id":1135,"href":"https:\/\/deti.casd.cz\/index.php?rest_route=\/wp\/v2\/pages\/1104\/revisions\/1135"}],"up":[{"embeddable":true,"href":"https:\/\/deti.casd.cz\/index.php?rest_route=\/wp\/v2\/pages\/51"}],"wp:attachment":[{"href":"https:\/\/deti.casd.cz\/index.php?rest_route=%2Fwp%2Fv2%2Fmedia&parent=1104"}],"curies":[{"name":"wp","href":"https:\/\/api.w.org\/{rel}","templated":true}]}}