{"id":1136,"date":"2010-09-07T20:59:40","date_gmt":"2010-09-07T18:59:40","guid":{"rendered":"http:\/\/deti.casd.cz\/?page_id=1136"},"modified":"2010-09-07T20:59:40","modified_gmt":"2010-09-07T18:59:40","slug":"provazky-6","status":"publish","type":"page","link":"https:\/\/deti.casd.cz\/?page_id=1136","title":{"rendered":"Prov\u00e1zky 6"},"content":{"rendered":"<p><a href=\"http:\/\/deti.casd.cz\/wp-content\/uploads\/2010\/09\/01_Sedmdes\u00e1tkr\u00e1tsedm.doc\">1. lekce Sedmdes\u00e1tkr\u00e1tsedm<\/a><\/p>\n<p><a href=\"http:\/\/deti.casd.cz\/wp-content\/uploads\/2010\/09\/02_V\u00fdplatn\u00ed-den-na-vinici.doc\">2. lekce V\u00fdplatn\u00ed den na vinici<\/a><\/p>\n<p><a href=\"http:\/\/deti.casd.cz\/wp-content\/uploads\/2010\/09\/03_L\u00e1ska-k-nemilovan\u00fdm.doc\">3.lekce L\u00e1ska k nemilovan\u00fdm<\/a><\/p>\n<p><a href=\"http:\/\/deti.casd.cz\/wp-content\/uploads\/2010\/09\/04_Den-kdy-Je\u017e\u00ed\u0161-plakal.doc\">4. lekce Den, kdy Je\u017e\u00ed\u0161 plakal<\/a><\/p>\n<p><a href=\"http:\/\/deti.casd.cz\/wp-content\/uploads\/2010\/09\/05_Oblak-jde-v-\u010dele1.doc\">5. lekce Oblak jde v \u010dele<\/a><\/p>\n<p><a href=\"http:\/\/deti.casd.cz\/wp-content\/uploads\/2010\/09\/06_Ho\u0159k\u00e1-voda-se-m\u011bn\u00ed-ve-sladkou.doc\">6. lekce Ho\u0159k\u00e1 voda se m\u011bn\u00ed ve sladkou<\/a><\/p>\n<p><a href=\"http:\/\/deti.casd.cz\/wp-content\/uploads\/2010\/09\/07_Bo\u017e\u00ed-volba.doc\">7. lekce Bo\u017e\u00ed volba<\/a><\/p>\n<p><a href=\"http:\/\/deti.casd.cz\/wp-content\/uploads\/2010\/09\/08_Voda-ze-sk\u00e1ly.doc\">8. lekce Voda ze sk\u00e1ly<\/a><\/p>\n<p><a href=\"http:\/\/deti.casd.cz\/wp-content\/uploads\/2010\/09\/09_Sn\u00eddan\u011b-s-pt\u00e1ky.doc\">9. lekce Sn\u00eddan\u011b s pt\u00e1ky<\/a><\/p>\n<p><a href=\"http:\/\/deti.casd.cz\/wp-content\/uploads\/2010\/09\/10_Jeden-str\u00e1vn\u00edk-nav\u00edc.doc\">10. lekce Jeden str\u00e1vn\u00edk nav\u00edc<\/a><\/p>\n<p><a href=\"http:\/\/deti.casd.cz\/wp-content\/uploads\/2010\/09\/11_Ohe\u0148-na-ho\u0159e.doc\">11. lekce Ohe\u0148 na ho\u0159e<\/a><\/p>\n<p><a href=\"http:\/\/deti.casd.cz\/wp-content\/uploads\/2010\/09\/12_Bo\u017e\u00ed-n\u011b\u017en\u00fd-\u0161epot.doc\">12. lekce Bo\u017e\u00ed n\u011b\u017en\u00fd \u0161epot<\/a><\/p>\n<p><a href=\"http:\/\/deti.casd.cz\/wp-content\/uploads\/2010\/09\/13_Vzh\u016fru-k-v\u00fd\u0161in\u00e1m-a-pry\u010d.doc\">13. lekce Vzh\u016fru k v\u00fd\u0161in\u00e1m a pry\u010d<\/a><\/p>\n<p><a href=\"http:\/\/deti.casd.cz\/wp-content\/uploads\/2010\/09\/aktivity_u1.doc\">St\u00e1hnout obr\u00e1zky<\/a><\/p>\n","protected":false},"excerpt":{"rendered":"<p>1. lekce Sedmdes\u00e1tkr\u00e1tsedm 2. lekce V\u00fdplatn\u00ed den na vinici 3.lekce L\u00e1ska k nemilovan\u00fdm 4. lekce Den, kdy Je\u017e\u00ed\u0161 plakal 5. lekce Oblak jde v \u010dele 6. lekce Ho\u0159k\u00e1 voda se m\u011bn\u00ed ve sladkou 7. lekce Bo\u017e\u00ed volba 8. lekce Voda ze sk\u00e1ly 9. lekce Sn\u00eddan\u011b s pt\u00e1ky 10. lekce Jeden str\u00e1vn\u00edk nav\u00edc 11. lekce Ohe\u0148 &hellip; <\/p>\n<p><a class=\"more-link btn\" href=\"https:\/\/deti.casd.cz\/?page_id=1136\">Pokra\u010dovat ve \u010dten\u00ed<\/a><\/p>\n","protected":false},"author":1,"featured_media":0,"parent":51,"menu_order":0,"comment_status":"closed","ping_status":"closed","template":"","meta":{"ngg_post_thumbnail":0,"footnotes":""},"class_list":["post-1136","page","type-page","status-publish","hentry","nodate","item-wrap"],"_links":{"self":[{"href":"https:\/\/deti.casd.cz\/index.php?rest_route=\/wp\/v2\/pages\/1136","targetHints":{"allow":["GET"]}}],"collection":[{"href":"https:\/\/deti.casd.cz\/index.php?rest_route=\/wp\/v2\/pages"}],"about":[{"href":"https:\/\/deti.casd.cz\/index.php?rest_route=\/wp\/v2\/types\/page"}],"author":[{"embeddable":true,"href":"https:\/\/deti.casd.cz\/index.php?rest_route=\/wp\/v2\/users\/1"}],"replies":[{"embeddable":true,"href":"https:\/\/deti.casd.cz\/index.php?rest_route=%2Fwp%2Fv2%2Fcomments&post=1136"}],"version-history":[{"count":1,"href":"https:\/\/deti.casd.cz\/index.php?rest_route=\/wp\/v2\/pages\/1136\/revisions"}],"predecessor-version":[{"id":1152,"href":"https:\/\/deti.casd.cz\/index.php?rest_route=\/wp\/v2\/pages\/1136\/revisions\/1152"}],"up":[{"embeddable":true,"href":"https:\/\/deti.casd.cz\/index.php?rest_route=\/wp\/v2\/pages\/51"}],"wp:attachment":[{"href":"https:\/\/deti.casd.cz\/index.php?rest_route=%2Fwp%2Fv2%2Fmedia&parent=1136"}],"curies":[{"name":"wp","href":"https:\/\/api.w.org\/{rel}","templated":true}]}}