{"id":1231,"date":"2010-10-26T20:15:36","date_gmt":"2010-10-26T18:15:36","guid":{"rendered":"http:\/\/deti.casd.cz\/?page_id=1231"},"modified":"2010-10-26T21:00:36","modified_gmt":"2010-10-26T19:00:36","slug":"klice-4","status":"publish","type":"page","link":"https:\/\/deti.casd.cz\/?page_id=1231","title":{"rendered":"Kl\u00ed\u010de 4"},"content":{"rendered":"<p><a href=\"http:\/\/deti.casd.cz\/wp-content\/uploads\/2010\/10\/klice-4-formatovane.zip\">St\u00e1hnout lekce a4<\/a><\/p>\n<p><a href=\"http:\/\/deti.casd.cz\/wp-content\/uploads\/2010\/10\/1.-lekce-Oslepen\u00fd.doc\">1. lekce Oslepen\u00fd<\/a><\/p>\n<p><a href=\"http:\/\/deti.casd.cz\/wp-content\/uploads\/2010\/10\/2.-lekce-Cizinci-mezi-n\u00e1mi.doc\">2. lekce Cizinci mezi n\u00e1mi<\/a><\/p>\n<p><a href=\"http:\/\/deti.casd.cz\/wp-content\/uploads\/2010\/10\/3.-lekce-Mu\u017e-p\u0159es-palubu.doc\">3. lekce Mu\u017e p\u0159es palubu<\/a><\/p>\n<p><a href=\"http:\/\/deti.casd.cz\/wp-content\/uploads\/2010\/10\/4.-lekce-Spokojen\u00fd-v\u011bze\u0148.doc\">4. lekce Spokojen\u00fd v\u011bze\u0148<\/a><\/p>\n<p><a href=\"http:\/\/deti.casd.cz\/wp-content\/uploads\/2010\/10\/5.-lekce-T\u011b\u017ek\u00e1-zkou\u0161ka.doc\">5. lekce T\u011b\u017ek\u00e1 zkou\u0161ka<\/a><\/p>\n<p><a href=\"http:\/\/deti.casd.cz\/wp-content\/uploads\/2010\/10\/6.-lekce-Nikdo-t\u011b-nech\u00e1pe.doc\">6. lekce Nikdo t\u011b nech\u00e1pe<\/a><\/p>\n<p><a href=\"http:\/\/deti.casd.cz\/wp-content\/uploads\/2010\/10\/7.-lekce-\u00da\u017easn\u00fd-B\u016fh.doc\">7. lekce \u00da\u017easn\u00fd B\u016fh<\/a><\/p>\n<p><a href=\"http:\/\/deti.casd.cz\/wp-content\/uploads\/2010\/10\/8.-lekce-Konec-Jobova-p\u0159\u00edb\u011bhu.doc\">8. lekce Konec Jobova p\u0159\u00edb\u011bhu<\/a><\/p>\n<p><a href=\"http:\/\/deti.casd.cz\/wp-content\/uploads\/2010\/10\/9.-lekce-Obsazeno.doc\">9. lekce Obsazeno<\/a><\/p>\n<p><a href=\"http:\/\/deti.casd.cz\/wp-content\/uploads\/2010\/10\/10.-lekce-V\u00fdbuch-radosti.doc\">10. lekce V\u00fdbuch radosti<\/a><\/p>\n<p><a href=\"http:\/\/deti.casd.cz\/wp-content\/uploads\/2010\/10\/11.-lekce-T\u0159i-mudrci-a-Mesi\u00e1\u0161.doc\">11. lekce T\u0159i mudrci a Mesi\u00e1\u0161<\/a><\/p>\n<p><a href=\"http:\/\/deti.casd.cz\/wp-content\/uploads\/2010\/10\/12.-lekce-Zasveceny1.doc\">12. lekce Zasv\u011bcen\u00fd<\/a><\/p>\n<p><a href=\"http:\/\/deti.casd.cz\/wp-content\/uploads\/2010\/10\/13.-lekce-Velky-dar.doc\">13. lekce Velk\u00fd dar<\/a><\/p>\n","protected":false},"excerpt":{"rendered":"<p>St\u00e1hnout lekce a4 1. lekce Oslepen\u00fd 2. lekce Cizinci mezi n\u00e1mi 3. lekce Mu\u017e p\u0159es palubu 4. lekce Spokojen\u00fd v\u011bze\u0148 5. lekce T\u011b\u017ek\u00e1 zkou\u0161ka 6. lekce Nikdo t\u011b nech\u00e1pe 7. lekce \u00da\u017easn\u00fd B\u016fh 8. lekce Konec Jobova p\u0159\u00edb\u011bhu 9. lekce Obsazeno 10. lekce V\u00fdbuch radosti 11. lekce T\u0159i mudrci a Mesi\u00e1\u0161 12. lekce Zasv\u011bcen\u00fd 13. &hellip; <\/p>\n<p><a class=\"more-link btn\" href=\"https:\/\/deti.casd.cz\/?page_id=1231\">Pokra\u010dovat ve \u010dten\u00ed<\/a><\/p>\n","protected":false},"author":1,"featured_media":0,"parent":54,"menu_order":0,"comment_status":"closed","ping_status":"closed","template":"","meta":{"ngg_post_thumbnail":0,"footnotes":""},"class_list":["post-1231","page","type-page","status-publish","hentry","nodate","item-wrap"],"_links":{"self":[{"href":"https:\/\/deti.casd.cz\/index.php?rest_route=\/wp\/v2\/pages\/1231","targetHints":{"allow":["GET"]}}],"collection":[{"href":"https:\/\/deti.casd.cz\/index.php?rest_route=\/wp\/v2\/pages"}],"about":[{"href":"https:\/\/deti.casd.cz\/index.php?rest_route=\/wp\/v2\/types\/page"}],"author":[{"embeddable":true,"href":"https:\/\/deti.casd.cz\/index.php?rest_route=\/wp\/v2\/users\/1"}],"replies":[{"embeddable":true,"href":"https:\/\/deti.casd.cz\/index.php?rest_route=%2Fwp%2Fv2%2Fcomments&post=1231"}],"version-history":[{"count":5,"href":"https:\/\/deti.casd.cz\/index.php?rest_route=\/wp\/v2\/pages\/1231\/revisions"}],"predecessor-version":[{"id":1292,"href":"https:\/\/deti.casd.cz\/index.php?rest_route=\/wp\/v2\/pages\/1231\/revisions\/1292"}],"up":[{"embeddable":true,"href":"https:\/\/deti.casd.cz\/index.php?rest_route=\/wp\/v2\/pages\/54"}],"wp:attachment":[{"href":"https:\/\/deti.casd.cz\/index.php?rest_route=%2Fwp%2Fv2%2Fmedia&parent=1231"}],"curies":[{"name":"wp","href":"https:\/\/api.w.org\/{rel}","templated":true}]}}