{"id":1249,"date":"2010-10-26T20:31:13","date_gmt":"2010-10-26T18:31:13","guid":{"rendered":"http:\/\/deti.casd.cz\/?page_id=1249"},"modified":"2010-10-26T20:57:40","modified_gmt":"2010-10-26T18:57:40","slug":"klice-1","status":"publish","type":"page","link":"https:\/\/deti.casd.cz\/?page_id=1249","title":{"rendered":"Kl\u00ed\u010de 1"},"content":{"rendered":"<p><strong><a href=\"http:\/\/deti.casd.cz\/wp-content\/uploads\/2008\/08\/klice\/A1\/KA1u-CJ_bez_uvodu.doc\">St\u00e1hnout lekce A1<\/a> <\/strong><\/p>\n<p><a href=\"http:\/\/deti.casd.cz\/wp-content\/uploads\/2010\/10\/KA1u-CJ_bez_uvodu.doc\">Kl\u00ed\u010de 1 v\u0161echny lekce<\/a><\/p>\n","protected":false},"excerpt":{"rendered":"<p>St\u00e1hnout lekce A1 Kl\u00ed\u010de 1 v\u0161echny lekce<\/p>\n","protected":false},"author":1,"featured_media":0,"parent":54,"menu_order":0,"comment_status":"closed","ping_status":"closed","template":"","meta":{"ngg_post_thumbnail":0,"footnotes":""},"class_list":["post-1249","page","type-page","status-publish","hentry","nodate","item-wrap"],"_links":{"self":[{"href":"https:\/\/deti.casd.cz\/index.php?rest_route=\/wp\/v2\/pages\/1249","targetHints":{"allow":["GET"]}}],"collection":[{"href":"https:\/\/deti.casd.cz\/index.php?rest_route=\/wp\/v2\/pages"}],"about":[{"href":"https:\/\/deti.casd.cz\/index.php?rest_route=\/wp\/v2\/types\/page"}],"author":[{"embeddable":true,"href":"https:\/\/deti.casd.cz\/index.php?rest_route=\/wp\/v2\/users\/1"}],"replies":[{"embeddable":true,"href":"https:\/\/deti.casd.cz\/index.php?rest_route=%2Fwp%2Fv2%2Fcomments&post=1249"}],"version-history":[{"count":3,"href":"https:\/\/deti.casd.cz\/index.php?rest_route=\/wp\/v2\/pages\/1249\/revisions"}],"predecessor-version":[{"id":1288,"href":"https:\/\/deti.casd.cz\/index.php?rest_route=\/wp\/v2\/pages\/1249\/revisions\/1288"}],"up":[{"embeddable":true,"href":"https:\/\/deti.casd.cz\/index.php?rest_route=\/wp\/v2\/pages\/54"}],"wp:attachment":[{"href":"https:\/\/deti.casd.cz\/index.php?rest_route=%2Fwp%2Fv2%2Fmedia&parent=1249"}],"curies":[{"name":"wp","href":"https:\/\/api.w.org\/{rel}","templated":true}]}}