{"id":1269,"date":"2010-10-26T20:55:26","date_gmt":"2010-10-26T18:55:26","guid":{"rendered":"http:\/\/deti.casd.cz\/?page_id=1269"},"modified":"2010-10-26T20:56:40","modified_gmt":"2010-10-26T18:56:40","slug":"klice-3","status":"publish","type":"page","link":"https:\/\/deti.casd.cz\/?page_id=1269","title":{"rendered":"Kl\u00ed\u010de 3"},"content":{"rendered":"<p><strong><a href=\"http:\/\/deti.casd.cz\/wp-content\/uploads\/2008\/08\/klice\/A3.ZIP\">St\u00e1hnout lekce A3<\/a> <\/strong><\/p>\n<p><a href=\"http:\/\/deti.casd.cz\/wp-content\/uploads\/2010\/10\/1__lekce_Nejmoudrejsi_clovek_na_zemi_-__Klice_A3_uc.doc\">1. lekce Nejmoud\u0159ej\u0161\u00ed \u010dlov\u011bk na zemi<\/a><\/p>\n<p><a href=\"http:\/\/deti.casd.cz\/wp-content\/uploads\/2010\/10\/2__lekce_Slova_hodna_krale_-__Klice_A3_uc.doc\">2. lekce Slova, hodn\u00e1 kr\u00e1le<\/a><\/p>\n<p><a href=\"http:\/\/deti.casd.cz\/wp-content\/uploads\/2010\/10\/3__lekce_Moudry_rozsudek_-__Klice_A3_uc1.doc\">3. lekce Moudr\u00fd rozsudek<\/a><\/p>\n<p><a href=\"http:\/\/deti.casd.cz\/wp-content\/uploads\/2010\/10\/4__lekce_Je_to_opravdu_tak_-_Klice_A3_uc.doc\">4. lekce Je to opravdu tak<\/a><\/p>\n<p><a href=\"http:\/\/deti.casd.cz\/wp-content\/uploads\/2010\/10\/5__lekce_Vzacna_seminka_-_Klice_A3_uc.doc\">5. lekce Vz\u00e1cn\u00e1 sem\u00ednka<\/a><\/p>\n<p><a href=\"http:\/\/deti.casd.cz\/wp-content\/uploads\/2010\/10\/6__lekce_Zazracna_sila_-_Klice_A3_uc.doc\">6. lekce Z\u00e1zra\u010dn\u00e1 s\u00edla<\/a><\/p>\n<p><a href=\"http:\/\/deti.casd.cz\/wp-content\/uploads\/2010\/10\/7__lekce_Srdce_z_kamene_-__Klice_A3_uc.doc\">7. lekce Srdce z kamene<\/a><\/p>\n<p><a href=\"http:\/\/deti.casd.cz\/wp-content\/uploads\/2010\/10\/8__lekce_Mrtvy_muz_lame_chleb_-__Klice_A3_uc.doc\">8. lekce Mrtv\u00fd mu\u017e l\u00e1me chl\u00e9b<\/a><\/p>\n<p><a href=\"http:\/\/deti.casd.cz\/wp-content\/uploads\/2010\/10\/9__lekce_Rodina_vericich_-_Klice_A3_uc.doc\">9. lekce Rodina v\u011b\u0159\u00edc\u00edch<\/a><\/p>\n<p><a href=\"http:\/\/deti.casd.cz\/wp-content\/uploads\/2010\/10\/10__lekce_Slovo_se_siri_-_Klice_A3_uc.doc\">10. lekce Slovo se \u0161\u00ed\u0159\u00ed<\/a><\/p>\n<p><a href=\"http:\/\/deti.casd.cz\/wp-content\/uploads\/2010\/10\/11__lekce_Kristuv_lid_-_Klice_A3_uc.doc\">11. lekce Krist\u016fv lid<\/a><\/p>\n<p><a href=\"http:\/\/deti.casd.cz\/wp-content\/uploads\/2010\/10\/12__lekce_Konecne_vsichni_spolu_-_Klice_A3_uc.doc\">12. lekce Kone\u010dn\u011b v\u0161ichni spolu<\/a><\/p>\n<p><a href=\"http:\/\/deti.casd.cz\/wp-content\/uploads\/2010\/10\/13_lekce_Den_lasky_-__Klice_A3_uc.doc\">13. lekce Den l\u00e1sky<\/a><\/p>\n","protected":false},"excerpt":{"rendered":"<p>St\u00e1hnout lekce A3 1. lekce Nejmoud\u0159ej\u0161\u00ed \u010dlov\u011bk na zemi 2. lekce Slova, hodn\u00e1 kr\u00e1le 3. lekce Moudr\u00fd rozsudek 4. lekce Je to opravdu tak 5. lekce Vz\u00e1cn\u00e1 sem\u00ednka 6. lekce Z\u00e1zra\u010dn\u00e1 s\u00edla 7. lekce Srdce z kamene 8. lekce Mrtv\u00fd mu\u017e l\u00e1me chl\u00e9b 9. lekce Rodina v\u011b\u0159\u00edc\u00edch 10. lekce Slovo se \u0161\u00ed\u0159\u00ed 11. lekce Krist\u016fv &hellip; <\/p>\n<p><a class=\"more-link btn\" href=\"https:\/\/deti.casd.cz\/?page_id=1269\">Pokra\u010dovat ve \u010dten\u00ed<\/a><\/p>\n","protected":false},"author":1,"featured_media":0,"parent":54,"menu_order":0,"comment_status":"closed","ping_status":"closed","template":"","meta":{"ngg_post_thumbnail":0,"footnotes":""},"class_list":["post-1269","page","type-page","status-publish","hentry","nodate","item-wrap"],"_links":{"self":[{"href":"https:\/\/deti.casd.cz\/index.php?rest_route=\/wp\/v2\/pages\/1269","targetHints":{"allow":["GET"]}}],"collection":[{"href":"https:\/\/deti.casd.cz\/index.php?rest_route=\/wp\/v2\/pages"}],"about":[{"href":"https:\/\/deti.casd.cz\/index.php?rest_route=\/wp\/v2\/types\/page"}],"author":[{"embeddable":true,"href":"https:\/\/deti.casd.cz\/index.php?rest_route=\/wp\/v2\/users\/1"}],"replies":[{"embeddable":true,"href":"https:\/\/deti.casd.cz\/index.php?rest_route=%2Fwp%2Fv2%2Fcomments&post=1269"}],"version-history":[{"count":3,"href":"https:\/\/deti.casd.cz\/index.php?rest_route=\/wp\/v2\/pages\/1269\/revisions"}],"predecessor-version":[{"id":1285,"href":"https:\/\/deti.casd.cz\/index.php?rest_route=\/wp\/v2\/pages\/1269\/revisions\/1285"}],"up":[{"embeddable":true,"href":"https:\/\/deti.casd.cz\/index.php?rest_route=\/wp\/v2\/pages\/54"}],"wp:attachment":[{"href":"https:\/\/deti.casd.cz\/index.php?rest_route=%2Fwp%2Fv2%2Fmedia&parent=1269"}],"curies":[{"name":"wp","href":"https:\/\/api.w.org\/{rel}","templated":true}]}}