{"id":1476,"date":"2013-12-18T17:47:33","date_gmt":"2013-12-18T15:47:33","guid":{"rendered":"http:\/\/deti.casd.cz\/?page_id=1476"},"modified":"2013-12-18T17:48:06","modified_gmt":"2013-12-18T15:48:06","slug":"dejiny-krestanstvi-pro-deti","status":"publish","type":"page","link":"https:\/\/deti.casd.cz\/?page_id=1476","title":{"rendered":"D\u011bjiny k\u0159es\u0165anstv\u00ed pro d\u011bti"},"content":{"rendered":"<p>Zde najdete u\u010ditelsk\u00e9 materi\u00e1ly ke knize, kterou vydalo nakladatelstv\u00ed Advent-Orion: &#8222;C\u00edrkevn\u00ed d\u011bjiny pro d\u011bti.&#8220;<\/p>\n<p>&nbsp;<\/p>\n<p><a href=\"http:\/\/deti.casd.cz\/wp-content\/uploads\/2013\/12\/C\u00edrkevn\u00ed-d\u011bjiny-pro-d\u011bti-U\u010ditel.pdf\">C\u00edrkevn\u00ed d\u011bjiny pro d\u011bti &#8211; U\u010ditel<\/a><\/p>\n","protected":false},"excerpt":{"rendered":"<p>Zde najdete u\u010ditelsk\u00e9 materi\u00e1ly ke knize, kterou vydalo nakladatelstv\u00ed Advent-Orion: &#8222;C\u00edrkevn\u00ed d\u011bjiny pro d\u011bti.&#8220; &nbsp; C\u00edrkevn\u00ed d\u011bjiny pro d\u011bti &#8211; U\u010ditel<\/p>\n","protected":false},"author":1,"featured_media":0,"parent":867,"menu_order":0,"comment_status":"open","ping_status":"open","template":"","meta":{"ngg_post_thumbnail":0,"footnotes":""},"class_list":["post-1476","page","type-page","status-publish","hentry","nodate","item-wrap"],"_links":{"self":[{"href":"https:\/\/deti.casd.cz\/index.php?rest_route=\/wp\/v2\/pages\/1476","targetHints":{"allow":["GET"]}}],"collection":[{"href":"https:\/\/deti.casd.cz\/index.php?rest_route=\/wp\/v2\/pages"}],"about":[{"href":"https:\/\/deti.casd.cz\/index.php?rest_route=\/wp\/v2\/types\/page"}],"author":[{"embeddable":true,"href":"https:\/\/deti.casd.cz\/index.php?rest_route=\/wp\/v2\/users\/1"}],"replies":[{"embeddable":true,"href":"https:\/\/deti.casd.cz\/index.php?rest_route=%2Fwp%2Fv2%2Fcomments&post=1476"}],"version-history":[{"count":1,"href":"https:\/\/deti.casd.cz\/index.php?rest_route=\/wp\/v2\/pages\/1476\/revisions"}],"predecessor-version":[{"id":1478,"href":"https:\/\/deti.casd.cz\/index.php?rest_route=\/wp\/v2\/pages\/1476\/revisions\/1478"}],"up":[{"embeddable":true,"href":"https:\/\/deti.casd.cz\/index.php?rest_route=\/wp\/v2\/pages\/867"}],"wp:attachment":[{"href":"https:\/\/deti.casd.cz\/index.php?rest_route=%2Fwp%2Fv2%2Fmedia&parent=1476"}],"curies":[{"name":"wp","href":"https:\/\/api.w.org\/{rel}","templated":true}]}}