{"id":51,"date":"2008-08-27T18:49:22","date_gmt":"2008-08-27T16:49:22","guid":{"rendered":"http:\/\/deti.casd.cz\/?page_id=51"},"modified":"2010-09-07T20:49:53","modified_gmt":"2010-09-07T18:49:53","slug":"provazky","status":"publish","type":"page","link":"https:\/\/deti.casd.cz\/?page_id=51","title":{"rendered":"Prov\u00e1zky (7-9)"},"content":{"rendered":"<p class=\"MsoNormal\" style=\"margin: 0cm 0cm 0pt; mso-margin-top-alt: auto; mso-margin-bottom-alt: auto;\">\n<p class=\"MsoNormal\" style=\"margin: 0cm 0cm 0pt; mso-margin-top-alt: auto; mso-margin-bottom-alt: auto;\"><span style=\"color: #000000;\"><span style=\"font-size: small;\"><span style=\"font-family: Times New Roman;\"><span style=\"font-size: medium;\">Prov\u00e1zky jsou u\u010debnice pro nejmen\u0161\u00ed \u0161kol\u00e1\u010dky, kte\u0159\u00ed <span style=\"mso-spacerun: yes;\">\u00a0<\/span>u\u017e um\u00ed \u010d\u00edst. U\u010debnice <span style=\"mso-spacerun: yes;\">\u00a0<\/span>d\u011bti zaujme bohat\u00fdmi ilustracemi, zaj\u00edmav\u00fdmi \u00fakoly pro ka\u017ed\u00fd den. Ur\u010dit\u011b je m\u016f\u017eete vyu\u017e\u00edt pro rodinn\u00e9 pobo\u017enosti, kter\u00e9 obohat\u00ed nejen va\u0161e d\u011bti, ale i v\u00e1s, rodi\u010de.<\/span><\/span><\/span><\/span><\/p>\n<p class=\"MsoNormal\" style=\"margin: 0cm 0cm 0pt; mso-margin-top-alt: auto; mso-margin-bottom-alt: auto;\"><span style=\"color: #000000;\"><span style=\"font-size: small;\"><span style=\"font-family: Times New Roman;\"><br \/>\n<\/span><\/span><\/span><\/p>\n<p class=\"MsoNormal\" style=\"margin: 0cm 0cm 0pt; mso-margin-top-alt: auto; mso-margin-bottom-alt: auto;\"><span style=\"color: #000000;\"><span style=\"font-size: small;\"><span style=\"font-family: Times New Roman;\">\u00a0<\/span><\/span><\/span><\/p>\n<p class=\"MsoNormal\" style=\"margin: 0cm 0cm 0pt; mso-margin-top-alt: auto; mso-margin-bottom-alt: auto;\"><span style=\"color: #000000;\"><span style=\"font-size: small; font-family: Times New Roman;\">\u00a0<\/span><\/span><\/p>\n<p class=\"MsoNormal\" style=\"margin: 0cm 0cm 0pt; mso-margin-top-alt: auto; mso-margin-bottom-alt: auto;\"><span style=\"font-size: 14pt; color: #000000;\"><a href=\"http:\/\/deti.casd.cz\/wp-content\/uploads\/2008\/08\/provazky\/Uvod%20ke%20vsem%20lekcim.doc\"><span style=\"font-family: Times New Roman;\">\u00a0<\/span><\/a><\/span><\/p>\n<p class=\"MsoNormal\" style=\"margin: 0cm 0cm 0pt; mso-margin-top-alt: auto; mso-margin-bottom-alt: auto;\"><span style=\"font-size: 14pt; color: #000000;\"><span style=\"font-family: Times New Roman;\"><br \/>\n<\/span><\/span><\/p>\n<p class=\"MsoNormal\" style=\"margin: 0cm 0cm 0pt; mso-margin-top-alt: auto; mso-margin-bottom-alt: auto;\"><span style=\"color: #000000;\"><span style=\"font-size: small;\"><span style=\"font-family: Times New Roman;\">\u00a0<\/span><\/span><\/span><\/p>\n","protected":false},"excerpt":{"rendered":"<p>Prov\u00e1zky jsou u\u010debnice pro nejmen\u0161\u00ed \u0161kol\u00e1\u010dky, kte\u0159\u00ed \u00a0u\u017e um\u00ed \u010d\u00edst. U\u010debnice \u00a0d\u011bti zaujme bohat\u00fdmi ilustracemi, zaj\u00edmav\u00fdmi \u00fakoly pro ka\u017ed\u00fd den. Ur\u010dit\u011b je m\u016f\u017eete vyu\u017e\u00edt pro rodinn\u00e9 pobo\u017enosti, kter\u00e9 obohat\u00ed nejen va\u0161e d\u011bti, ale i v\u00e1s, rodi\u010de. \u00a0 \u00a0 \u00a0 \u00a0<\/p>\n","protected":false},"author":1,"featured_media":0,"parent":0,"menu_order":6,"comment_status":"closed","ping_status":"closed","template":"","meta":{"ngg_post_thumbnail":0,"footnotes":""},"class_list":["post-51","page","type-page","status-publish","hentry","nodate","item-wrap"],"_links":{"self":[{"href":"https:\/\/deti.casd.cz\/index.php?rest_route=\/wp\/v2\/pages\/51","targetHints":{"allow":["GET"]}}],"collection":[{"href":"https:\/\/deti.casd.cz\/index.php?rest_route=\/wp\/v2\/pages"}],"about":[{"href":"https:\/\/deti.casd.cz\/index.php?rest_route=\/wp\/v2\/types\/page"}],"author":[{"embeddable":true,"href":"https:\/\/deti.casd.cz\/index.php?rest_route=\/wp\/v2\/users\/1"}],"replies":[{"embeddable":true,"href":"https:\/\/deti.casd.cz\/index.php?rest_route=%2Fwp%2Fv2%2Fcomments&post=51"}],"version-history":[{"count":111,"href":"https:\/\/deti.casd.cz\/index.php?rest_route=\/wp\/v2\/pages\/51\/revisions"}],"predecessor-version":[{"id":137,"href":"https:\/\/deti.casd.cz\/index.php?rest_route=\/wp\/v2\/pages\/51\/revisions\/137"}],"wp:attachment":[{"href":"https:\/\/deti.casd.cz\/index.php?rest_route=%2Fwp%2Fv2%2Fmedia&parent=51"}],"curies":[{"name":"wp","href":"https:\/\/api.w.org\/{rel}","templated":true}]}}