{"id":54,"date":"2008-08-27T18:52:25","date_gmt":"2008-08-27T16:52:25","guid":{"rendered":"http:\/\/deti.casd.cz\/?page_id=54"},"modified":"2010-10-26T20:58:05","modified_gmt":"2010-10-26T18:58:05","slug":"klice","status":"publish","type":"page","link":"https:\/\/deti.casd.cz\/?page_id=54","title":{"rendered":"Kl\u00ed\u010de (10-12)"},"content":{"rendered":"<p class=\"MsoNormal\" style=\"margin: 0cm 0cm 0pt;\"><span style=\"font-size: small;\"><span style=\"font-family: Times New Roman;\"><strong style=\"mso-bidi-font-weight: normal;\"><span style=\"color: black;\">( 10 \u2013 12 let)<\/span><\/strong><\/span><\/span><\/p>\n<p class=\"MsoNormal\" style=\"margin: 0cm 0cm 0pt;\"><span style=\"font-size: small;\"><span style=\"font-family: Times New Roman;\"><strong style=\"mso-bidi-font-weight: normal;\"><span style=\"color: black;\">\u00a0<\/span><\/strong><\/span><\/span><\/p>\n<p class=\"MsoNormal\" style=\"margin: 0cm 0cm 0pt;\"><span style=\"font-family: Times New Roman;\"><strong style=\"mso-bidi-font-weight: normal;\"><span style=\"font-size: 13pt; color: #333333; mso-bidi-font-size: 12.0pt;\">Kl\u00ed\u010de jsou u\u010debnic\u00ed z\u00a0cyklu Grace Link pro d\u011bti ve v\u011bku 10-12 let ( mohou je za\u010d\u00edt studovat i d\u011bti od 9 let).<\/span><\/strong><\/span><\/p>\n<p class=\"MsoNormal\" style=\"margin: 0cm 0cm 0pt;\"><span style=\"font-family: Times New Roman;\"><strong style=\"mso-bidi-font-weight: normal;\"><span style=\"font-size: 13pt; color: #333333; mso-bidi-font-size: 12.0pt;\">\u00a0<\/span><\/strong><\/span><\/p>\n<p class=\"MsoNormal\" style=\"margin: 0cm 0cm 0pt;\"><span style=\"font-family: Times New Roman;\"><strong style=\"mso-bidi-font-weight: normal;\"><span style=\"font-size: 13pt; color: #333333; mso-bidi-font-size: 12.0pt;\">C\u00edlem t\u00e9to u\u010debnice je poutavou, hravou formou p\u0159iv\u00e9st d\u011bti k\u00a0pozn\u00e1n\u00ed k\u0159es\u0165anstv\u00ed a budov\u00e1n\u00ed osobn\u00ed v\u00edry v\u00a0P\u00e1na Boha a Je\u017e\u00ed\u0161e Krista.<\/span><\/strong><\/span><\/p>\n<p class=\"MsoNormal\" style=\"margin: 0cm 0cm 0pt;\"><span style=\"font-family: Times New Roman;\"><strong style=\"mso-bidi-font-weight: normal;\"><span style=\"font-size: 13pt; color: #333333; mso-bidi-font-size: 12.0pt;\">\u00a0<\/span><\/strong><\/span><\/p>\n<p class=\"MsoNormal\" style=\"margin: 0cm 0cm 0pt;\"><span style=\"font-family: Times New Roman;\"><strong style=\"mso-bidi-font-weight: normal;\"><span style=\"font-size: 13pt; color: #333333; mso-bidi-font-size: 12.0pt;\">U\u010debn\u00ed osnovy kl\u00ed\u010d\u016f jsou na Slovensku schv\u00e1leny ministerstvem \u0161kolstv\u00ed jako u\u010debnice n\u00e1bo\u017eenstv\u00ed pro 1.stupe\u0148 z\u00e1kladn\u00edch \u0161kol.<\/span><\/strong><\/span><\/p>\n<p class=\"MsoNormal\" style=\"margin: 0cm 0cm 0pt;\"><span style=\"font-family: Times New Roman;\"><strong style=\"mso-bidi-font-weight: normal;\"><span style=\"font-size: 13pt; color: black; mso-bidi-font-size: 12.0pt;\">\u00a0<\/span><\/strong><\/span><\/p>\n<p class=\"MsoNormal\" style=\"margin: 0cm 0cm 0pt;\"><span style=\"color: black;\"><span style=\"font-size: small;\"><span style=\"font-family: Times New Roman;\">U\u010debnici Kl\u00ed\u010d\u016f za\u010dali sloven\u0161t\u00ed p\u0159ekladatel\u00e9 zpracov\u00e1vat ji\u017e p\u0159ed dv\u011bma lety, proto v\u00a0sou\u010dasn\u00e9 dob\u011b m\u00e1me k\u00a0dispozici \u010dty\u0159i u\u010debnice. Ti, kte\u0159\u00ed pou\u017e\u00edvali k\u00a0v\u00fduce slovensk\u00e9 texty, mohou za\u010d\u00edt pou\u017e\u00edvat \u010desk\u00e9.<\/span><\/span><\/span><\/p>\n<p class=\"MsoNormal\" style=\"margin: 0cm 0cm 0pt;\"><span style=\"color: black;\"><span style=\"font-size: small;\"><span style=\"font-family: Times New Roman;\">\u00a0<\/span><\/span><\/span><\/p>\n<p class=\"MsoNormal\" style=\"margin: 0cm 0cm 0pt;\"><span style=\"color: black;\"><span style=\"font-size: small;\"><span style=\"font-family: Times New Roman;\">\u00a0<\/span><\/span><\/span><\/p>\n<p class=\"MsoNormal\" style=\"margin: 0cm 0cm 0pt;\"><strong style=\"mso-bidi-font-weight: normal;\"><span style=\"font-size: 14pt; color: gray;\"><a href=\"file:\/\/\/C:\/FOTKY\/Jani\u010dka%20foto\/0004.jpg\" rel=\"lightbox[54]\"><span style=\"color: gray; text-decoration: none; text-underline: none;\"><span style=\"font-family: Times New Roman;\">\u00davod ke v\u0161em lekc\u00edm<\/span><\/span><\/a><\/span><\/strong><\/p>\n<p class=\"MsoNormal\" style=\"margin: 0cm 0cm 0pt;\"><span style=\"font-size: small;\"><span style=\"font-family: Times New Roman;\"><strong style=\"mso-bidi-font-weight: normal;\"><span style=\"color: black;\">\u00a0<\/span><\/strong><\/span><\/span><\/p>\n<p class=\"MsoNormal\" style=\"margin: 0cm 0cm 0pt;\"><span style=\"font-size: small;\"><span style=\"font-family: Times New Roman;\"><strong style=\"mso-bidi-font-weight: normal;\"><span style=\"color: #333333;\">Kupony, vyst\u0159ihov\u00e1nky najdete na <span style=\"mso-spacerun: yes;\">\u00a0<\/span><\/span><\/strong><\/span><\/span><\/p>\n<p class=\"MsoNormal\" style=\"margin: 0cm 0cm 0pt;\"><strong style=\"mso-bidi-font-weight: normal;\"><span style=\"color: gray;\"><a href=\"http:\/\/www.casd.sk\/\"><span style=\"color: gray; text-decoration: none; text-underline: none;\"><span style=\"font-size: small; font-family: Times New Roman;\">www.casd.sk<\/span><\/span><\/a><span style=\"font-size: small; font-family: Times New Roman;\"> \u2013 <\/span><\/span><span style=\"color: #333333;\"><span style=\"font-size: small; font-family: Times New Roman;\">Grace Link<\/span><\/span><\/strong><\/p>\n<p class=\"MsoNormal\" style=\"margin: 0cm 0cm 0pt;\"><span style=\"font-size: small;\"><span style=\"font-family: Times New Roman;\"><strong style=\"mso-bidi-font-weight: normal;\"><span style=\"color: black;\">\u00a0<\/span><\/strong><\/span><\/span><\/p>\n<p class=\"MsoNormal\" style=\"margin: 0cm 0cm 0pt;\"><span style=\"color: black;\"><span style=\"font-size: small;\"><span style=\"font-family: Times New Roman;\">\u00a0<\/span><\/span><\/span><\/p>\n<p class=\"MsoNormal\" style=\"margin: 0cm 0cm 0pt;\"><span style=\"font-size: small;\"><span style=\"font-family: Times New Roman;\"><strong style=\"mso-bidi-font-weight: normal;\"><span style=\"color: black;\"><span style=\"mso-tab-count: 1;\">\u00a0<\/span><span style=\"mso-spacerun: yes;\">\u00a0<\/span><span style=\"mso-spacerun: yes;\">\u00a0<\/span><span style=\"mso-spacerun: yes;\">\u00a0<\/span><\/span><\/strong><\/span><\/span><\/p>\n<p class=\"MsoNormal\" style=\"margin: 0cm 0cm 0pt;\"><span style=\"font-family: Times New Roman;\"><strong style=\"mso-bidi-font-weight: normal;\"><span style=\"font-size: 14pt; color: black; mso-bidi-font-size: 12.0pt;\">\u00a0<\/span><\/strong><\/span><\/p>\n<p class=\"MsoNormal\" style=\"margin: 0cm 0cm 0pt;\"><span style=\"color: black;\"><span style=\"font-size: small;\"><span style=\"font-family: Times New Roman;\">\u00a0<\/span><\/span><\/span><\/p>\n<p class=\"MsoNormal\" style=\"margin: 0cm 0cm 0pt;\"><span style=\"color: black;\"><span style=\"font-size: small;\"><\/span><\/span><\/p>\n<p class=\"MsoNormal\" style=\"margin: 0cm 0cm 0pt;\"><span style=\"color: black;\"><span style=\"font-size: small;\"><\/span><\/span><\/p>\n<p class=\"MsoNormal\" style=\"margin: 0cm 0cm 0pt;\">\u00a0<\/p>\n<p class=\"MsoNormal\" style=\"margin: 0cm 0cm 0pt;\"><span style=\"color: black;\"><\/span><\/p>\n","protected":false},"excerpt":{"rendered":"<p>( 10 \u2013 12 let) \u00a0 Kl\u00ed\u010de jsou u\u010debnic\u00ed z\u00a0cyklu Grace Link pro d\u011bti ve v\u011bku 10-12 let ( mohou je za\u010d\u00edt studovat i d\u011bti od 9 let). \u00a0 C\u00edlem t\u00e9to u\u010debnice je poutavou, hravou formou p\u0159iv\u00e9st d\u011bti k\u00a0pozn\u00e1n\u00ed k\u0159es\u0165anstv\u00ed a budov\u00e1n\u00ed osobn\u00ed v\u00edry v\u00a0P\u00e1na Boha a Je\u017e\u00ed\u0161e Krista. \u00a0 U\u010debn\u00ed osnovy kl\u00ed\u010d\u016f jsou na &hellip; <\/p>\n<p><a class=\"more-link btn\" href=\"https:\/\/deti.casd.cz\/?page_id=54\">Pokra\u010dovat ve \u010dten\u00ed<\/a><\/p>\n","protected":false},"author":1,"featured_media":0,"parent":0,"menu_order":7,"comment_status":"closed","ping_status":"closed","template":"","meta":{"ngg_post_thumbnail":0,"footnotes":""},"class_list":["post-54","page","type-page","status-publish","hentry","nodate","item-wrap"],"_links":{"self":[{"href":"https:\/\/deti.casd.cz\/index.php?rest_route=\/wp\/v2\/pages\/54","targetHints":{"allow":["GET"]}}],"collection":[{"href":"https:\/\/deti.casd.cz\/index.php?rest_route=\/wp\/v2\/pages"}],"about":[{"href":"https:\/\/deti.casd.cz\/index.php?rest_route=\/wp\/v2\/types\/page"}],"author":[{"embeddable":true,"href":"https:\/\/deti.casd.cz\/index.php?rest_route=\/wp\/v2\/users\/1"}],"replies":[{"embeddable":true,"href":"https:\/\/deti.casd.cz\/index.php?rest_route=%2Fwp%2Fv2%2Fcomments&post=54"}],"version-history":[{"count":26,"href":"https:\/\/deti.casd.cz\/index.php?rest_route=\/wp\/v2\/pages\/54\/revisions"}],"predecessor-version":[{"id":104,"href":"https:\/\/deti.casd.cz\/index.php?rest_route=\/wp\/v2\/pages\/54\/revisions\/104"}],"wp:attachment":[{"href":"https:\/\/deti.casd.cz\/index.php?rest_route=%2Fwp%2Fv2%2Fmedia&parent=54"}],"curies":[{"name":"wp","href":"https:\/\/api.w.org\/{rel}","templated":true}]}}