{"id":666,"date":"2010-01-11T18:10:18","date_gmt":"2010-01-11T16:10:18","guid":{"rendered":"http:\/\/deti.casd.cz\/?page_id=666"},"modified":"2021-11-25T12:11:30","modified_gmt":"2021-11-25T10:11:30","slug":"krucky-a2","status":"publish","type":"page","link":"https:\/\/deti.casd.cz\/?page_id=666","title":{"rendered":"Kr\u016f\u010dky 2"},"content":{"rendered":"<p><a href=\"http:\/\/deti.casd.cz\/wp-content\/uploads\/2010\/01\/aktivita-2.doc\">aktivita 2<\/a><br \/>\n<a href=\"http:\/\/deti.casd.cz\/wp-content\/uploads\/2010\/01\/Omalovanky_Krucky2.pdf\">Omalovanky_Krucky2<\/a><\/p>\n<p><a href=\"http:\/\/deti.casd.cz\/wp-content\/uploads\/2010\/01\/1.-lekce-M\u00e1\u0161-p\u0159ednost.doc\">1. lekce M\u00e1\u0161 p\u0159ednost<\/a><\/p>\n<p><a href=\"http:\/\/deti.casd.cz\/wp-content\/uploads\/2010\/01\/2.-lekce-Velk\u00e1-bou\u0159ka.doc\">2. lekce Velk\u00e1 bou\u0159ka<\/a><\/p>\n<p><a href=\"http:\/\/deti.casd.cz\/wp-content\/uploads\/2010\/01\/3.-lekce-\u017dena-u-studny.doc\">3. lekce \u017dena u studny<\/a><\/p>\n<p><a href=\"http:\/\/deti.casd.cz\/wp-content\/uploads\/2010\/01\/4.-lekce-Sn\u00eddan\u011b-s-Je\u017e\u00ed\u0161em.doc\">4. lekce Sn\u00eddan\u011b s Je\u017e\u00ed\u0161em<\/a><\/p>\n<p><a href=\"http:\/\/deti.casd.cz\/wp-content\/uploads\/2010\/01\/5.-lekce-Kdykoli-a-kdekoli.doc\">5. lekce Kdykoli a kdekoli<\/a><\/p>\n<p><a href=\"http:\/\/deti.casd.cz\/wp-content\/uploads\/2010\/01\/6.-lekce-Je\u017e\u00ed\u0161-\u010dte-v-synagoze.doc\">6. lekce Je\u017e\u00ed\u0161 \u010dte v synagoze<\/a><\/p>\n<p><a href=\"http:\/\/deti.casd.cz\/wp-content\/uploads\/2010\/01\/7.-lekce-Kone\u010dn\u011b-zdrav\u00e1.doc\">7. lekce Kone\u010dn\u011b zdrav\u00e1<\/a><\/p>\n<p><a href=\"http:\/\/deti.casd.cz\/wp-content\/uploads\/2010\/01\/8.-lekce-Jenom-jeden-pod\u011bkoval.doc\">8. lekce Jenom jeden pod\u011bkoval<\/a><\/p>\n<p><a href=\"http:\/\/deti.casd.cz\/wp-content\/uploads\/2010\/01\/9.-lekce-Dar-chud\u00e9-vdovy.doc\">9. lekce Dar chud\u00e9 vdovy<\/a><\/p>\n<p><a href=\"http:\/\/deti.casd.cz\/wp-content\/uploads\/2010\/01\/10.-lekce-Je\u017e\u00ed\u0161-na-hostin\u011b.doc\">10. lekce Je\u017e\u00ed\u0161 na hostin\u011b<\/a><\/p>\n<p><a href=\"http:\/\/deti.casd.cz\/wp-content\/uploads\/2010\/01\/11.-lekce-N\u00e1sleduj-mne.doc\">11. lekce N\u00e1sleduj mne<\/a><\/p>\n<p><a href=\"http:\/\/deti.casd.cz\/wp-content\/uploads\/2010\/01\/12.-lekce-Zvl\u00e1\u0161tn\u00ed-p\u0159\u00e1tel\u00e9.doc\">12. lekce Zvl\u00e1\u0161tn\u00ed p\u0159\u00e1tel\u00e9<\/a><\/p>\n<p><a href=\"http:\/\/deti.casd.cz\/wp-content\/uploads\/2010\/01\/13.-lekce-Mal\u00fd-chlapec-se-sva\u010dinkou.doc\">13. lekce Mal\u00fd chlapec se sva\u010dinkou<\/a><\/p>\n<p><a href=\"http:\/\/deti.casd.cz\/wp-content\/uploads\/2010\/01\/aktivita-4.doc\">aktivita 4<\/a><\/p>\n<p><a href=\"http:\/\/deti.casd.cz\/wp-content\/uploads\/2010\/01\/Krucky A2 cz.zip\">St\u00e1hnout Kr\u016f\u010dky A2 cz (1-13) &#8211; zip<\/a><\/p>\n<p>.<\/p>\n","protected":false},"excerpt":{"rendered":"<p>aktivita 2 Omalovanky_Krucky2 1. lekce M\u00e1\u0161 p\u0159ednost 2. lekce Velk\u00e1 bou\u0159ka 3. lekce \u017dena u studny 4. lekce Sn\u00eddan\u011b s Je\u017e\u00ed\u0161em 5. lekce Kdykoli a kdekoli 6. lekce Je\u017e\u00ed\u0161 \u010dte v synagoze 7. lekce Kone\u010dn\u011b zdrav\u00e1 8. lekce Jenom jeden pod\u011bkoval 9. lekce Dar chud\u00e9 vdovy 10. lekce Je\u017e\u00ed\u0161 na hostin\u011b 11. lekce N\u00e1sleduj mne &hellip; <\/p>\n<p><a class=\"more-link btn\" href=\"https:\/\/deti.casd.cz\/?page_id=666\">Pokra\u010dovat ve \u010dten\u00ed<\/a><\/p>\n","protected":false},"author":1,"featured_media":0,"parent":762,"menu_order":1,"comment_status":"closed","ping_status":"closed","template":"","meta":{"ngg_post_thumbnail":0,"footnotes":""},"class_list":["post-666","page","type-page","status-publish","hentry","nodate","item-wrap"],"_links":{"self":[{"href":"https:\/\/deti.casd.cz\/index.php?rest_route=\/wp\/v2\/pages\/666","targetHints":{"allow":["GET"]}}],"collection":[{"href":"https:\/\/deti.casd.cz\/index.php?rest_route=\/wp\/v2\/pages"}],"about":[{"href":"https:\/\/deti.casd.cz\/index.php?rest_route=\/wp\/v2\/types\/page"}],"author":[{"embeddable":true,"href":"https:\/\/deti.casd.cz\/index.php?rest_route=\/wp\/v2\/users\/1"}],"replies":[{"embeddable":true,"href":"https:\/\/deti.casd.cz\/index.php?rest_route=%2Fwp%2Fv2%2Fcomments&post=666"}],"version-history":[{"count":5,"href":"https:\/\/deti.casd.cz\/index.php?rest_route=\/wp\/v2\/pages\/666\/revisions"}],"predecessor-version":[{"id":1906,"href":"https:\/\/deti.casd.cz\/index.php?rest_route=\/wp\/v2\/pages\/666\/revisions\/1906"}],"up":[{"embeddable":true,"href":"https:\/\/deti.casd.cz\/index.php?rest_route=\/wp\/v2\/pages\/762"}],"wp:attachment":[{"href":"https:\/\/deti.casd.cz\/index.php?rest_route=%2Fwp%2Fv2%2Fmedia&parent=666"}],"curies":[{"name":"wp","href":"https:\/\/api.w.org\/{rel}","templated":true}]}}