{"id":740,"date":"2010-03-15T17:01:54","date_gmt":"2010-03-15T15:01:54","guid":{"rendered":"http:\/\/deti.casd.cz\/?page_id=740"},"modified":"2016-02-17T00:17:04","modified_gmt":"2016-02-16T22:17:04","slug":"aktuality","status":"publish","type":"page","link":"https:\/\/deti.casd.cz\/?page_id=740","title":{"rendered":"Aktuality"},"content":{"rendered":"<p><strong>Kone\u010dn\u011b Omalov\u00e1nky!<\/strong><\/p>\n<p>S radost\u00ed V\u00e1m oznamuji, \u017ee ji\u017e m\u00e1me vytvo\u0159eny prvn\u00ed 4 s\u00e9rie omalov\u00e1nek k u\u010debnic\u00edcm \u0159ady Grace Link pro na\u0161e nejmen\u0161\u00ed. Jsou to omalov\u00e1nky k Zrnk\u016fm 1 a 2, a tak\u00e9 ke Kr\u016f\u010dk\u016fm 1 a 2.  Najdete je ke sta\u017een\u00ed u dan\u00fdch d\u00edl\u016f u\u010debnic, tak a\u0165 V\u00e1m dob\u0159e slou\u017e\u00ed. D\u011bkujeme tak\u00e9 v\u0161em za podn\u011btn\u00e9 p\u0159ipom\u00ednky p\u0159i jejich tvorb\u011b.<\/p>\n<p>Filip Podsedn\u00edk, Jenda Kub\u00edk a Monika Medkov\u00e1<\/p>\n<p>Vy\u0161ly u\u010ditelsk\u00e9 materi\u00e1ly ke knize C\u00edrkevn\u00ed d\u011bjiny pro d\u011bti.<\/p>\n<p>Najdete je v dokumentech&#8230;a\u0165 se V\u00e1m l\u00edb\u00ed&#8230;<\/p>\n<p>Vydalo nakladatelstv\u00ed Advent Orion<\/p>\n","protected":false},"excerpt":{"rendered":"<p>Kone\u010dn\u011b Omalov\u00e1nky! S radost\u00ed V\u00e1m oznamuji, \u017ee ji\u017e m\u00e1me vytvo\u0159eny prvn\u00ed 4 s\u00e9rie omalov\u00e1nek k u\u010debnic\u00edcm \u0159ady Grace Link pro na\u0161e nejmen\u0161\u00ed. Jsou to omalov\u00e1nky k Zrnk\u016fm 1 a 2, a tak\u00e9 ke Kr\u016f\u010dk\u016fm 1 a 2. Najdete je ke sta\u017een\u00ed u dan\u00fdch d\u00edl\u016f u\u010debnic, tak a\u0165 V\u00e1m dob\u0159e slou\u017e\u00ed. D\u011bkujeme tak\u00e9 v\u0161em za podn\u011btn\u00e9 &hellip; <\/p>\n<p><a class=\"more-link btn\" href=\"https:\/\/deti.casd.cz\/?page_id=740\">Pokra\u010dovat ve \u010dten\u00ed<\/a><\/p>\n","protected":false},"author":1,"featured_media":0,"parent":0,"menu_order":1,"comment_status":"closed","ping_status":"closed","template":"","meta":{"ngg_post_thumbnail":0,"footnotes":""},"class_list":["post-740","page","type-page","status-publish","hentry","nodate","item-wrap"],"_links":{"self":[{"href":"https:\/\/deti.casd.cz\/index.php?rest_route=\/wp\/v2\/pages\/740","targetHints":{"allow":["GET"]}}],"collection":[{"href":"https:\/\/deti.casd.cz\/index.php?rest_route=\/wp\/v2\/pages"}],"about":[{"href":"https:\/\/deti.casd.cz\/index.php?rest_route=\/wp\/v2\/types\/page"}],"author":[{"embeddable":true,"href":"https:\/\/deti.casd.cz\/index.php?rest_route=\/wp\/v2\/users\/1"}],"replies":[{"embeddable":true,"href":"https:\/\/deti.casd.cz\/index.php?rest_route=%2Fwp%2Fv2%2Fcomments&post=740"}],"version-history":[{"count":3,"href":"https:\/\/deti.casd.cz\/index.php?rest_route=\/wp\/v2\/pages\/740\/revisions"}],"predecessor-version":[{"id":1637,"href":"https:\/\/deti.casd.cz\/index.php?rest_route=\/wp\/v2\/pages\/740\/revisions\/1637"}],"wp:attachment":[{"href":"https:\/\/deti.casd.cz\/index.php?rest_route=%2Fwp%2Fv2%2Fmedia&parent=740"}],"curies":[{"name":"wp","href":"https:\/\/api.w.org\/{rel}","templated":true}]}}