{"id":810,"date":"2010-04-12T13:25:01","date_gmt":"2010-04-12T11:25:01","guid":{"rendered":"http:\/\/deti.casd.cz\/?page_id=810"},"modified":"2016-04-01T04:25:24","modified_gmt":"2016-04-01T02:25:24","slug":"krucky-a3","status":"publish","type":"page","link":"https:\/\/deti.casd.cz\/?page_id=810","title":{"rendered":"Kr\u016f\u010dky 3"},"content":{"rendered":"<p><a href=\"http:\/\/deti.casd.cz\/wp-content\/uploads\/2010\/04\/Omalovanky_Krucky3.pdf\">Omalovanky_Krucky3<\/a><\/p>\n<p><a href=\"http:\/\/deti.casd.cz\/wp-content\/uploads\/2010\/04\/AktivityCZ.pdf\">Aktivity A3<\/a><\/p>\n<p><a href=\"http:\/\/deti.casd.cz\/wp-content\/uploads\/2010\/04\/1.-lekce-Zvl\u00e1\u0161tn\u00ed-d\u011b\u0165\u00e1tko-Chany.doc\">1. lekce Zvl\u00e1\u0161tn\u00ed d\u011b\u0165\u00e1tko Chany<\/a><\/p>\n<p><a href=\"http:\/\/deti.casd.cz\/wp-content\/uploads\/2010\/04\/2.-lekce-Chanin-dar-Bohu.doc\">2. lekce Chanin dar Bohu<\/a><\/p>\n<p><a href=\"http:\/\/deti.casd.cz\/wp-content\/uploads\/2010\/04\/3.-lekce-U\u0161i-k-sly\u0161en\u00ed.doc\">3. lekce U\u0161i k sly\u0161en\u00ed<\/a><\/p>\n<p><a href=\"http:\/\/deti.casd.cz\/wp-content\/uploads\/2010\/04\/4.-lekce-Samuelova-slu\u017eba.doc\">4. lekce Samuelova slu\u017eba<\/a><\/p>\n<p><a href=\"http:\/\/deti.casd.cz\/wp-content\/uploads\/2010\/04\/5.-lekce-Pta\u010d\u00ed-z\u00e1chrana.doc\">5. lekce Pta\u010d\u00ed z\u00e1chrana<\/a><\/p>\n<p><a href=\"http:\/\/deti.casd.cz\/wp-content\/uploads\/2010\/04\/6.-lekce-Z\u00e1zra\u010dn\u00fd-olej.doc\">6. lekce Z\u00e1zra\u010dn\u00fd olej<\/a><\/p>\n<p><a href=\"http:\/\/deti.casd.cz\/wp-content\/uploads\/2010\/04\/7.-lekce-Chlapec-je-\u017eiv\u00fd.doc\">7. lekce Chlapec je \u017eiv\u00fd<\/a><\/p>\n<p><a href=\"http:\/\/deti.casd.cz\/wp-content\/uploads\/2010\/04\/8.-lekce-Vzh\u016fru-vzh\u016fru-do-nebe.doc\">8. lekce Vzh\u016fru, vzh\u016fru do nebe<\/a><\/p>\n<p><a href=\"http:\/\/deti.casd.cz\/wp-content\/uploads\/2010\/04\/9.-lekce-Olej-kter\u00e9ho-neub\u00fdvalo.doc\">9. lekce Olej, kter\u00e9ho neub\u00fdvalo<\/a><\/p>\n<p><a href=\"http:\/\/deti.casd.cz\/wp-content\/uploads\/2010\/04\/10.-lekce-Znovu-\u017eiv\u00fd.doc\">10. lekce Znovu \u017eiv\u00fd<\/a><\/p>\n<p><a href=\"http:\/\/deti.casd.cz\/wp-content\/uploads\/2010\/04\/11.-lekce-Jed-v-hrnci.doc\">11. lekce Jed v hrnci<\/a><\/p>\n<p><a href=\"http:\/\/deti.casd.cz\/wp-content\/uploads\/2010\/04\/12.-lekce-Pluj\u00edc\u00ed-sekera.doc\">12. lekce Pluj\u00edc\u00ed sekera<\/a><\/p>\n<p><a href=\"http:\/\/deti.casd.cz\/wp-content\/uploads\/2010\/04\/13.-lekce-Obklopeni-and\u011bly.doc\">13. lekce Obklopeni and\u011bly<\/a><\/p>\n","protected":false},"excerpt":{"rendered":"<p>Omalovanky_Krucky3 Aktivity A3 1. lekce Zvl\u00e1\u0161tn\u00ed d\u011b\u0165\u00e1tko Chany 2. lekce Chanin dar Bohu 3. lekce U\u0161i k sly\u0161en\u00ed 4. lekce Samuelova slu\u017eba 5. lekce Pta\u010d\u00ed z\u00e1chrana 6. lekce Z\u00e1zra\u010dn\u00fd olej 7. lekce Chlapec je \u017eiv\u00fd 8. lekce Vzh\u016fru, vzh\u016fru do nebe 9. lekce Olej, kter\u00e9ho neub\u00fdvalo 10. lekce Znovu \u017eiv\u00fd 11. lekce Jed v hrnci &hellip; <\/p>\n<p><a class=\"more-link btn\" href=\"https:\/\/deti.casd.cz\/?page_id=810\">Pokra\u010dovat ve \u010dten\u00ed<\/a><\/p>\n","protected":false},"author":1,"featured_media":0,"parent":762,"menu_order":2,"comment_status":"closed","ping_status":"closed","template":"","meta":{"ngg_post_thumbnail":0,"footnotes":""},"class_list":["post-810","page","type-page","status-publish","hentry","nodate","item-wrap"],"_links":{"self":[{"href":"https:\/\/deti.casd.cz\/index.php?rest_route=\/wp\/v2\/pages\/810","targetHints":{"allow":["GET"]}}],"collection":[{"href":"https:\/\/deti.casd.cz\/index.php?rest_route=\/wp\/v2\/pages"}],"about":[{"href":"https:\/\/deti.casd.cz\/index.php?rest_route=\/wp\/v2\/types\/page"}],"author":[{"embeddable":true,"href":"https:\/\/deti.casd.cz\/index.php?rest_route=\/wp\/v2\/users\/1"}],"replies":[{"embeddable":true,"href":"https:\/\/deti.casd.cz\/index.php?rest_route=%2Fwp%2Fv2%2Fcomments&post=810"}],"version-history":[{"count":11,"href":"https:\/\/deti.casd.cz\/index.php?rest_route=\/wp\/v2\/pages\/810\/revisions"}],"predecessor-version":[{"id":821,"href":"https:\/\/deti.casd.cz\/index.php?rest_route=\/wp\/v2\/pages\/810\/revisions\/821"}],"up":[{"embeddable":true,"href":"https:\/\/deti.casd.cz\/index.php?rest_route=\/wp\/v2\/pages\/762"}],"wp:attachment":[{"href":"https:\/\/deti.casd.cz\/index.php?rest_route=%2Fwp%2Fv2%2Fmedia&parent=810"}],"curies":[{"name":"wp","href":"https:\/\/api.w.org\/{rel}","templated":true}]}}