{"id":853,"date":"2010-04-12T16:02:26","date_gmt":"2010-04-12T14:02:26","guid":{"rendered":"http:\/\/deti.casd.cz\/?page_id=853"},"modified":"2010-05-05T09:35:36","modified_gmt":"2010-05-05T07:35:36","slug":"jak-se-zije-detem-v","status":"publish","type":"page","link":"https:\/\/deti.casd.cz\/?page_id=853","title":{"rendered":"Jak se \u017eije d\u011btem v &#8230;"},"content":{"rendered":"<p><span style=\"font-size: x-large;\">&#8230; Komorn\u00ed Lhotce<\/span><\/p>\n<p><strong>D\u011bti \u2013 Komorn\u00ed Lhotka <\/strong><\/p>\n<p>tak abychom se p\u0159edstavili:<\/p>\n<p>Celkem n\u00e1s je 17,<span style=\"font-size: x-large;\"><a href=\"http:\/\/deti.casd.cz\/wp-content\/uploads\/2010\/04\/2010-01-27_0792.jpg\" rel=\"lightbox[853]\"><img loading=\"lazy\" decoding=\"async\" class=\"alignright size-full wp-image-933\" title=\"2010-01-27_079\" src=\"http:\/\/deti.casd.cz\/wp-content\/uploads\/2010\/04\/2010-01-27_0792.jpg\" alt=\"\" width=\"243\" height=\"184\" \/><\/a><\/span><\/p>\n<p>po\u010dty to jsou jednoduch\u00e9:<\/p>\n<p>\u0160est miminek v\u00a0Mimi \u0161kolce,<\/p>\n<p>dal\u0161\u00edch deset u\u017e n\u00e1m b\u011bh\u00e1,<\/p>\n<p>v A-dvojce se spinkat ned\u00e1,<\/p>\n<p>a ta sle\u010dna skoro d\u00e1ma,<\/p>\n<p>v\u00a0t\u0159\u00edd\u011b C by byla sama,<\/p>\n<p>v A2 n\u00e1m hraje r\u00e1da,<\/p>\n<p>u\u010ditelce v\u017edy pom\u00e1h\u00e1.<\/p>\n<p>V\u00a0brzk\u00e9 dob\u011b je\u0161t\u011b\u00a0 k\u00a0v\u0161emu,<\/p>\n<p>p\u0159ibude n\u00e1m n\u011bkdo k\u00a0tomu ??\u2026J<a href=\"http:\/\/deti.casd.cz\/wp-content\/uploads\/2010\/04\/2010-01-31_103.jpg\" rel=\"lightbox[853]\"><img loading=\"lazy\" decoding=\"async\" class=\"alignright size-full  wp-image-934\" title=\"zimn\u00ed dovolen\u00e1 s tat\u00ednky\" src=\"http:\/\/deti.casd.cz\/wp-content\/uploads\/2010\/04\/2010-01-31_103.jpg\" alt=\"\" width=\"232\" height=\"173\" srcset=\"https:\/\/deti.casd.cz\/wp-content\/uploads\/2010\/04\/2010-01-31_103.jpg 1024w, https:\/\/deti.casd.cz\/wp-content\/uploads\/2010\/04\/2010-01-31_103-300x225.jpg 300w\" sizes=\"auto, (max-width: 232px) 100vw, 232px\" \/><\/a><\/p>\n<p>V\u00a0sobotu hned v\u00a0osm z\u00a0r\u00e1na ,<\/p>\n<p>d\u011bti chv\u00e1l\u00ed sv\u00e9ho P\u00e1na,<\/p>\n<p>P\u00edsni\u010dky se u\u010d\u00ed zp\u00edvat,<\/p>\n<p>ru\u010di\u010dkami p\u011bkn\u011b h\u00fdbat.<\/p>\n<p>D\u011bti mus\u00ed v\u0161eho nechat,<\/p>\n<p>na \u0161koli\u010dku v\u00a0dev\u011bt sp\u011bchat.<\/p>\n<p>Je\u017e\u00ed\u0161e se u\u010d\u00ed zn\u00e1t,<\/p>\n<p>z\u00a0p\u0159\u00edrody ho pozn\u00e1vat.<\/p>\n<p>Pak k\u00a0rodi\u010d\u016fm rychle b\u011b\u017e\u00ed a v\u00a0k\u00e1z\u00e1n\u00ed je tam st\u0159e\u017e\u00ed.<\/p>\n<p>V\u00a0poledne si trochu zd\u0159\u00edmnou, po poledni se zas shl\u00e9dnou.<\/p>\n<p>P\u0159\u00edb\u011bh z\u00a0Bible l\u00e1k\u00e1 d\u011bti, odpoledn\u00ed rychle let\u00ed.<\/p>\n<p>Diskuze se protahuje, mal\u00e9 d\u011bti unavuje.<\/p>\n<p>Z\u00e1bavu si spolu najdou a \u00fanavu daj\u00ed stranou.<\/p>\n<p>P\u0159i ve\u010dern\u00ed pobo\u017enosti, sepnou svoje ru\u010di\u010dky,<\/p>\n<p>P\u00e1nu Bohu pod\u011bkuj\u00ed, za kr\u00e1sn\u00fd den celi\u010dk\u00fd.<\/p>\n","protected":false},"excerpt":{"rendered":"<p>&#8230; Komorn\u00ed Lhotce D\u011bti \u2013 Komorn\u00ed Lhotka tak abychom se p\u0159edstavili: Celkem n\u00e1s je 17, po\u010dty to jsou jednoduch\u00e9: \u0160est miminek v\u00a0Mimi \u0161kolce, dal\u0161\u00edch deset u\u017e n\u00e1m b\u011bh\u00e1, v A-dvojce se spinkat ned\u00e1, a ta sle\u010dna skoro d\u00e1ma, v\u00a0t\u0159\u00edd\u011b C by byla sama, v A2 n\u00e1m hraje r\u00e1da, u\u010ditelce v\u017edy pom\u00e1h\u00e1. V\u00a0brzk\u00e9 dob\u011b je\u0161t\u011b\u00a0 k\u00a0v\u0161emu, &hellip; <\/p>\n<p><a class=\"more-link btn\" href=\"https:\/\/deti.casd.cz\/?page_id=853\">Pokra\u010dovat ve \u010dten\u00ed<\/a><\/p>\n","protected":false},"author":1,"featured_media":0,"parent":0,"menu_order":13,"comment_status":"open","ping_status":"open","template":"","meta":{"ngg_post_thumbnail":0,"footnotes":""},"class_list":["post-853","page","type-page","status-publish","hentry","nodate","item-wrap"],"_links":{"self":[{"href":"https:\/\/deti.casd.cz\/index.php?rest_route=\/wp\/v2\/pages\/853","targetHints":{"allow":["GET"]}}],"collection":[{"href":"https:\/\/deti.casd.cz\/index.php?rest_route=\/wp\/v2\/pages"}],"about":[{"href":"https:\/\/deti.casd.cz\/index.php?rest_route=\/wp\/v2\/types\/page"}],"author":[{"embeddable":true,"href":"https:\/\/deti.casd.cz\/index.php?rest_route=\/wp\/v2\/users\/1"}],"replies":[{"embeddable":true,"href":"https:\/\/deti.casd.cz\/index.php?rest_route=%2Fwp%2Fv2%2Fcomments&post=853"}],"version-history":[{"count":5,"href":"https:\/\/deti.casd.cz\/index.php?rest_route=\/wp\/v2\/pages\/853\/revisions"}],"predecessor-version":[{"id":936,"href":"https:\/\/deti.casd.cz\/index.php?rest_route=\/wp\/v2\/pages\/853\/revisions\/936"}],"wp:attachment":[{"href":"https:\/\/deti.casd.cz\/index.php?rest_route=%2Fwp%2Fv2%2Fmedia&parent=853"}],"curies":[{"name":"wp","href":"https:\/\/api.w.org\/{rel}","templated":true}]}}